{"id":94,"date":"2020-04-17T19:01:59","date_gmt":"2020-04-17T17:01:59","guid":{"rendered":"http:\/\/finansus.pl\/rafib\/?page_id=94"},"modified":"2020-10-01T18:43:59","modified_gmt":"2020-10-01T16:43:59","slug":"start","status":"publish","type":"page","link":"https:\/\/finansus.pl\/rafib\/","title":{"rendered":"Start"},"content":{"rendered":"\n<div class=\"icon-items\">\n<div class=\"container\">\n<div class=\"content-side\">\n<div class=\"row\">\n<div class=\"col-md-12\">\n\n\n\n<div class=\"wp-block-columns\">\n<div class=\"wp-block-column\" style=\"flex-basis:33.33%\">\n<figure class=\"wp-block-image size-large\"><img src=\"https:\/\/finansus.pl\/rafib\/wp-content\/uploads\/2020\/04\/grafika_onas.png\" alt=\"\"\/><\/figure>\n<\/div>\n\n\n\n<div class=\"wp-block-column\" style=\"flex-basis:66.66%\">\n<p style=\"font-size:28px\"><strong> O nas <\/strong><\/p>\n\n\n\n<p style=\"font-size:18px\"> Zesp\u00f3\u0142 Towarzystwa Gospodarczego RaFiB Sp. z o.o. od 1992 roku  specjalizuje si\u0119 w projektowaniu i wdra\u017caniu nowoczesnych system\u00f3w  rachunku koszt\u00f3w, rachunkowo\u015bci zarz\u0105dczej i controlingu.<\/p>\n\n\n\n<p>Specjalizacja i zorientowanie dzia\u0142alno\u015bci Sp\u00f3\u0142ki  od pocz\u0105tku jej istnienia na problemy wdra\u017cania wielowymiarowych  rachunk\u00f3w koszt\u00f3w i wynik\u00f3w dla potrzeb zarz\u0105dzania kosztami, analiz  rentowno\u015bci oraz system\u00f3w bud\u017cetowania i kontroli koszt\u00f3w, przychod\u00f3w i  wynik\u00f3w, co pozwoli\u0142o nam zapewni\u0107 s<strong>kuteczn\u0105 pomoc wielu polskim firmom<\/strong> w dostosowywaniu si\u0119 do dynamicznie zmieniaj\u0105cego si\u0119 i coraz bardziej konkurencyjnego rynku. <\/p>\n\n\n\n<p>Naszym klientom wskazujemy nowe <strong>drogi poprawy efektywno\u015bci zarz\u0105dzania,<\/strong> zwi\u0119kszenia atrakcyjno\u015bci produkt\u00f3w firmy na rynku, poprawy konkurencyjno\u015bci i pozycji na rynku. &nbsp; Zesp\u00f3\u0142 T.G. RaFiB Sp. z o.o. <strong>zrealizowa\u0142 w latach 1992-2019 kilkadziesi\u0105t analiz i projekt\u00f3w<\/strong>  system\u00f3w rachunku koszt\u00f3w i rachunkowo\u015bci zarz\u0105dczej\/controllingu dla  przedsi\u0119biorstw r\u00f3\u017cnych bran\u017c i wielko\u015bci (zatrudniaj\u0105cych od  kilkudziesi\u0119ciu do kilku tysi\u0119cy os\u00f3b) oraz sp\u00f3\u0142ek notowanych na  Warszawskiej Gie\u0142dzie Papier\u00f3w Warto\u015bciowych. <\/p>\n\n\n\n<p><\/p>\n\n\n\n<div class=\"wp-block-button\"><a class=\"wp-block-button__link\" href=\"https:\/\/finansus.pl\/rafib\/o-nas\/\">Dowiedz si\u0119 wi\u0119cej<\/a><\/div>\n<\/div>\n<\/div>\n\n\n\n<\/div>\n<\/div>\n<\/div>\n<\/div>\n<\/div>\n<div class=\"icon-items\" style=\"background-color:#FBFBFB\">\n<div class=\"container\">\n<div class=\"content-side\">\n<div class=\"row\">\n<div class=\"col-md-12\">\n\n\n\n<div class=\"wp-block-columns\">\n<div class=\"wp-block-column\" style=\"flex-basis:66.66%\">\n<p style=\"font-size:28px\"><strong>Nasze us\u0142ugi<\/strong><\/p>\n\n\n\n<p style=\"font-size:18px\"> <\/p>\n\n\n\n<p>Nasz zesp\u00f3\u0142 posiada <strong>niezb\u0119dny poziom wiedzy i do\u015bwiadczenia<\/strong> do realizacji us\u0142ug projektowych i wdro\u017ceniowych w zakresie system\u00f3w rachunkowo\u015bci zarz\u0105dczej\/controllingu. <br>\n<br>\nChocia\u017c nasze projekty s\u0105 <strong>ka\u017cdorazowo projektowane indywidualnie dla potrzeb Klient\u00f3w<\/strong>, to us\u0142ugi przez nas \u015bwiadczone obejmuj\u0105 w szczeg\u00f3lno\u015bci:<\/p>\n\n\n\n<ul><li><a href=\"http:\/\/www.rafib.pl\/index.php?page=23\">Audyt systemu rachunkowo\u015bci zarz\u0105dczej<\/a><\/li><li><a href=\"http:\/\/www.rafib.pl\/index.php?page=24\">Operacyjne i strategiczne systemy rachunku koszt\u00f3w<\/a><\/li><li><a href=\"http:\/\/www.rafib.pl\/index.php?page=25\">Rachunek koszt\u00f3w dzia\u0142a\u0144<\/a><\/li><li><a href=\"http:\/\/www.rafib.pl\/index.php?page=26\">Bud\u017cetowanie i kontrola koszt\u00f3w, przychod\u00f3w i wynik\u00f3w<\/a><\/li><li><a href=\"http:\/\/www.rafib.pl\/index.php?page=27\">Analizy rentowno\u015bci<\/a><\/li><li><a href=\"http:\/\/www.rafib.pl\/index.php?page=28\">Pomiar dokona\u0144 w kontek\u015bcie realizacji strategii<\/a><\/li><li><a href=\"http:\/\/www.rafib.pl\/index.php?page=29\">Rachunkowo\u015b\u0107 ZARZ\u0104DCZA w zarz\u0105dzaniu projektami d\u0142ugoterminowymi<\/a><\/li><li><a href=\"http:\/\/www.rafib.pl\/index.php?page=31\">Rachunkowo\u015b\u0107 zarz\u0105dcza w uczelniach wy\u017cszych<\/a><\/li><\/ul>\n\n\n\n<p><\/p>\n\n\n\n<div class=\"wp-block-button grey\"><a class=\"wp-block-button__link\" href=\"https:\/\/finansus.pl\/rafib\/nasze-uslugi\/\">Dowiedz si\u0119 wi\u0119cej<\/a><\/div>\n<\/div>\n\n\n\n<div class=\"wp-block-column\" style=\"flex-basis:33.33%\">\n<figure class=\"wp-block-image size-large\"><img src=\"https:\/\/finansus.pl\/rafib\/wp-content\/uploads\/2020\/04\/grafika_uslugi.png\" alt=\"\"\/><\/figure>\n<\/div>\n<\/div>\n\n\n\n<\/div>\n<\/div>\n<\/div>\n<\/div>\n<\/div>\n<div class=\"icon-items\">\n<div class=\"container\">\n<div class=\"content-side\">\n<div class=\"row\">\n<div class=\"col-md-12\">\n\n\n\n<div class=\"wp-block-columns\">\n<div class=\"wp-block-column\" style=\"flex-basis:33.33%\">\n<figure class=\"wp-block-image size-large\"><img loading=\"lazy\" width=\"180\" height=\"174\" src=\"https:\/\/finansus.pl\/rafib\/wp-content\/uploads\/2020\/04\/grafika_klienci.png\" alt=\"\" class=\"wp-image-101\"\/><\/figure>\n<\/div>\n\n\n\n<div class=\"wp-block-column\" style=\"flex-basis:66.66%\">\n<p style=\"font-size:28px\"><strong>Nasi klienci<\/strong><\/p>\n\n\n\n<p style=\"font-size:18px\"> <\/p>\n\n\n\n<p>Us\u0142ugi consultingowe z zakresu audytu oraz  projektowania system\u00f3w rachunkowo\u015bci zarz\u0105dczej\/controllingu zesp\u00f3\u0142 TG  RaFiB Sp. z o.o. \u015bwiadczy\u0142 dla wielu firm produkcyjnych, us\u0142ugowych i  handlowych.<\/p>\n\n\n\n<div class=\"wp-block-group\"><div class=\"wp-block-group__inner-container\">\n<div class=\"wp-block-group\"><div class=\"wp-block-group__inner-container\"><\/div><\/div>\n<\/div><\/div>\n\n\n\n<p><\/p>\n\n\n\n<div class=\"wp-block-button\"><a class=\"wp-block-button__link\" href=\"https:\/\/finansus.pl\/rafib\/nasi-klienci\/\">Dowiedz si\u0119 wi\u0119cej<\/a><\/div>\n<\/div>\n<\/div>\n\n\n\n<\/div>\n<\/div>\n<\/div>\n<\/div>\n<\/div>\n<div class=\"icon-items\" style=\"background-color:#FBFBFB\">\n<div class=\"container\">\n<div class=\"content-side\">\n<div class=\"row\">\n<div class=\"col-md-12\">\n\n\n\n<div class=\"wp-block-columns\">\n<div class=\"wp-block-column\" style=\"flex-basis:66.66%\">\n<p style=\"font-size:28px\"><strong>Korzy\u015bci dla klient\u00f3w<\/strong><\/p>\n\n\n\n<p style=\"font-size:18px\"> <\/p>\n\n\n\n<p>Podstawowe korzy\u015bci jakie naszym Klientom daj\u0105 realizowane przez nas projekty to:<\/p>\n\n\n\n<ul><li>\n    uporz\u0105dkowanie struktur informacji o kosztach\n    <\/li><li>\n    poznanie koszt\u00f3w dzia\u0142a\u0144 i proces\u00f3w\n    <\/li><li>\n    uzyskanie wiarygodnych informacji o rentowno\u015bci produkt\u00f3w, klient\u00f3w, kana\u0142\u00f3w dystrybucji itd.\n    <\/li><li>\n    poprawa komunikacji wewn\u0119trznej mi\u0119dzy podmiotami wewn\u0119trznymi\n    <\/li><li>\n    usprawnienie procesu bud\u017cetowania i kontroli koszt\u00f3w, przychod\u00f3w i wynik\u00f3w\n    <\/li><li>\n    poprawa zdolno\u015bci szybkiego reagowania na wewn\u0119trzne i zewn\u0119trzne zagro\u017cenia\n    <\/li><li>\n    stworzenie systemu pomiaru dokona\u0144 w oparciu o strategiczn\u0105 kart\u0119 wynik\u00f3w\n    <\/li><li>\n    dostarczenie informacji do skutecznego zarz\u0105dzania projektami d\u0142ugoterminowymi\n    <\/li><li>\n    mo\u017cliwo\u015b\u0107 zbudowania trwa\u0142ej przewagi konkurencyjnej w oparciu o&nbsp;dobrej jako\u015bci informacje \u0142atwo dost\u0119pne dla mened\u017cer\u00f3w\n    <\/li><li>\n    mo\u017cliwo\u015b\u0107 dostosowania systemu informacyjnego rachunkowo\u015bci zarz\u0105dczej\/controllingu do ka\u017cdej platformy informatycznej\n    <\/li><\/ul>\n\n\n\n<p><\/p>\n\n\n\n<div class=\"wp-block-button grey\"><a class=\"wp-block-button__link\" href=\"https:\/\/finansus.pl\/rafib\/korzysci-dla-klientow\/\">Dowiedz si\u0119 wi\u0119cej<\/a><\/div>\n<\/div>\n\n\n\n<div class=\"wp-block-column\" style=\"flex-basis:33.33%\">\n<figure class=\"wp-block-image size-large\"><img loading=\"lazy\" width=\"188\" height=\"191\" src=\"https:\/\/finansus.pl\/rafib\/wp-content\/uploads\/2020\/04\/grafika_korzysci.png\" alt=\"\" class=\"wp-image-100\"\/><\/figure>\n<\/div>\n<\/div>\n\n\n\n<\/div>\n<\/div>\n<\/div>\n<\/div>\n<\/div>\n","protected":false},"excerpt":{"rendered":"<p>O nas Zesp\u00f3\u0142 Towarzystwa Gospodarczego RaFiB Sp. z o.o. od 1992 roku specjalizuje si\u0119 w projektowaniu i wdra\u017caniu nowoczesnych system\u00f3w rachunku koszt\u00f3w, rachunkowo\u015bci zarz\u0105dczej i controlingu. Specjalizacja i zorientowanie dzia\u0142alno\u015bci Sp\u00f3\u0142ki od pocz\u0105tku jej istnienia na problemy wdra\u017cania wielowymiarowych rachunk\u00f3w koszt\u00f3w i wynik\u00f3w dla potrzeb zarz\u0105dzania kosztami, analiz rentowno\u015bci oraz system\u00f3w bud\u017cetowania i kontroli koszt\u00f3w, przychod\u00f3w i wynik\u00f3w, co pozwoli\u0142o nam zapewni\u0107 skuteczn\u0105 pomoc wielu polskim firmom w dostosowywaniu si\u0119 do dynamicznie zmieniaj\u0105cego si\u0119 i coraz bardziej konkurencyjnego rynku. Naszym klientom wskazujemy nowe drogi poprawy efektywno\u015bci zarz\u0105dzania, zwi\u0119kszenia atrakcyjno\u015bci produkt\u00f3w firmy na rynku, poprawy konkurencyjno\u015bci i pozycji na rynku. &nbsp; Zesp\u00f3\u0142 T.G. RaFiB Sp. z o.o. zrealizowa\u0142 w latach 1992-2019 kilkadziesi\u0105t analiz i projekt\u00f3w system\u00f3w rachunku koszt\u00f3w i rachunkowo\u015bci zarz\u0105dczej\/controllingu dla przedsi\u0119biorstw r\u00f3\u017cnych bran\u017c i wielko\u015bci (zatrudniaj\u0105cych od kilkudziesi\u0119ciu do kilku tysi\u0119cy os\u00f3b) oraz sp\u00f3\u0142ek notowanych na Warszawskiej Gie\u0142dzie Papier\u00f3w Warto\u015bciowych. Nasze us\u0142ugi Nasz zesp\u00f3\u0142 posiada niezb\u0119dny poziom wiedzy i(&#8230;)<\/p>\n","protected":false},"author":1,"featured_media":0,"parent":0,"menu_order":0,"comment_status":"closed","ping_status":"closed","template":"","meta":[],"_links":{"self":[{"href":"https:\/\/finansus.pl\/rafib\/wp-json\/wp\/v2\/pages\/94"}],"collection":[{"href":"https:\/\/finansus.pl\/rafib\/wp-json\/wp\/v2\/pages"}],"about":[{"href":"https:\/\/finansus.pl\/rafib\/wp-json\/wp\/v2\/types\/page"}],"author":[{"embeddable":true,"href":"https:\/\/finansus.pl\/rafib\/wp-json\/wp\/v2\/users\/1"}],"replies":[{"embeddable":true,"href":"https:\/\/finansus.pl\/rafib\/wp-json\/wp\/v2\/comments?post=94"}],"version-history":[{"count":18,"href":"https:\/\/finansus.pl\/rafib\/wp-json\/wp\/v2\/pages\/94\/revisions"}],"predecessor-version":[{"id":197,"href":"https:\/\/finansus.pl\/rafib\/wp-json\/wp\/v2\/pages\/94\/revisions\/197"}],"wp:attachment":[{"href":"https:\/\/finansus.pl\/rafib\/wp-json\/wp\/v2\/media?parent=94"}],"curies":[{"name":"wp","href":"https:\/\/api.w.org\/{rel}","templated":true}]}}