{"id":47,"date":"2020-04-17T17:32:29","date_gmt":"2020-04-17T15:32:29","guid":{"rendered":"http:\/\/finansus.pl\/rafib\/?page_id=47"},"modified":"2020-07-04T12:44:37","modified_gmt":"2020-07-04T10:44:37","slug":"rachunek-kosztow-dzialan","status":"publish","type":"page","link":"https:\/\/finansus.pl\/rafib\/nasze-uslugi\/rachunek-kosztow-dzialan\/","title":{"rendered":"Rachunek koszt\u00f3w dzia\u0142a\u0144"},"content":{"rendered":"\n<p>Coraz wi\u0119cej firm decyduje si\u0119 na wdro\u017cenie systemu rachunku koszt\u00f3w dzia\u0142a\u0144 (Activity Based Costing).T.G. RaFiB Sp. z o.o. <strong>oferuje pomoc w zakresie jego zaprojektowania i wdro\u017cenia<\/strong>, w tym w szczeg\u00f3lno\u015bci:<\/p>\n\n\n\n<ul><li>analiz\u0119 proces\u00f3w realizowanych w firmie<\/li><li>identyfikacj\u0119 obiekt\u00f3w koszt\u00f3w, dla kt\u00f3rych w systemie ABC b\u0119d\u0105 tworzone informacje o kosztach i rentowno\u015bci<\/li><li>wyodr\u0119bnienie zasob\u00f3w, okre\u015blenie no\u015bnik\u00f3w zasob\u00f3w i zaprojektowanie procedur rozliczania zasob\u00f3w na dzia\u0142ania i inne obiekty<\/li><li>identyfikacja\n dzia\u0142a\u0144, wyodr\u0119bnienie no\u015bnik\u00f3w dzia\u0142a\u0144 i zaprojektowanie systemu \nrozliczania koszt\u00f3w dzia\u0142a\u0144 na produkty, klient\u00f3w, kana\u0142y dystrybucji, \nregiony sprzeda\u017cy itd.<\/li><li>przygotowanie systemu wieloprzekrojowych analiz rentowno\u015bci<\/li><\/ul>\n","protected":false},"excerpt":{"rendered":"<p>Coraz wi\u0119cej firm decyduje si\u0119 na wdro\u017cenie systemu rachunku koszt\u00f3w dzia\u0142a\u0144 (Activity Based Costing).T.G. RaFiB Sp. z o.o. oferuje pomoc w zakresie jego zaprojektowania i wdro\u017cenia, w tym w szczeg\u00f3lno\u015bci: analiz\u0119 proces\u00f3w realizowanych w firmie identyfikacj\u0119 obiekt\u00f3w koszt\u00f3w, dla kt\u00f3rych w systemie ABC b\u0119d\u0105 tworzone informacje o kosztach i rentowno\u015bci wyodr\u0119bnienie zasob\u00f3w, okre\u015blenie no\u015bnik\u00f3w zasob\u00f3w i zaprojektowanie procedur rozliczania zasob\u00f3w na dzia\u0142ania i inne obiekty identyfikacja dzia\u0142a\u0144, wyodr\u0119bnienie no\u015bnik\u00f3w dzia\u0142a\u0144 i zaprojektowanie systemu rozliczania koszt\u00f3w dzia\u0142a\u0144 na produkty, klient\u00f3w, kana\u0142y dystrybucji, regiony sprzeda\u017cy itd. przygotowanie systemu wieloprzekrojowych analiz rentowno\u015bci<\/p>\n","protected":false},"author":1,"featured_media":0,"parent":26,"menu_order":0,"comment_status":"closed","ping_status":"closed","template":"","meta":[],"_links":{"self":[{"href":"https:\/\/finansus.pl\/rafib\/wp-json\/wp\/v2\/pages\/47"}],"collection":[{"href":"https:\/\/finansus.pl\/rafib\/wp-json\/wp\/v2\/pages"}],"about":[{"href":"https:\/\/finansus.pl\/rafib\/wp-json\/wp\/v2\/types\/page"}],"author":[{"embeddable":true,"href":"https:\/\/finansus.pl\/rafib\/wp-json\/wp\/v2\/users\/1"}],"replies":[{"embeddable":true,"href":"https:\/\/finansus.pl\/rafib\/wp-json\/wp\/v2\/comments?post=47"}],"version-history":[{"count":2,"href":"https:\/\/finansus.pl\/rafib\/wp-json\/wp\/v2\/pages\/47\/revisions"}],"predecessor-version":[{"id":128,"href":"https:\/\/finansus.pl\/rafib\/wp-json\/wp\/v2\/pages\/47\/revisions\/128"}],"up":[{"embeddable":true,"href":"https:\/\/finansus.pl\/rafib\/wp-json\/wp\/v2\/pages\/26"}],"wp:attachment":[{"href":"https:\/\/finansus.pl\/rafib\/wp-json\/wp\/v2\/media?parent=47"}],"curies":[{"name":"wp","href":"https:\/\/api.w.org\/{rel}","templated":true}]}}